{"id":22509,"date":"2023-03-30T10:01:50","date_gmt":"2023-03-30T08:01:50","guid":{"rendered":"https:\/\/www.qualitel.org\/particuliers\/?page_id=22509"},"modified":"2026-01-14T16:49:04","modified_gmt":"2026-01-14T15:49:04","slug":"nos-conseils-de-saison-pour-un-logement-ou-il-fait-bon-vivre-2","status":"publish","type":"page","link":"https:\/\/www.qualitel.org\/particuliers\/newsletter\/","title":{"rendered":"Nos conseils de saison pour un logement o\u00f9 il fait bon vivre"},"content":{"rendered":"","protected":false},"excerpt":{"rendered":"","protected":false},"author":4,"featured_media":0,"parent":0,"menu_order":0,"comment_status":"closed","ping_status":"closed","template":"","meta":{"_acf_changed":false,"wp_typography_post_enhancements_disabled":false,"footnotes":""},"tags":[],"class_list":["post-22509","page","type-page","status-publish","hentry"],"acf":[],"yoast_head":"<!-- This site is optimized with the Yoast SEO plugin v26.2 - https:\/\/yoast.com\/wordpress\/plugins\/seo\/ -->\n<title>Nos conseils de saison pour un logement o\u00f9 il fait bon vivre - Qualitel | Particuliers<\/title>\n<meta name=\"description\" content=\"Des conseils de saison pour mieux vivre dans votre logement. R\u00e9duire vos factures d\u2019\u00e9nergie, vous prot\u00e9ger de la pollution de l\u2019air\u2026 Chaque mois, recevez bonnes id\u00e9es et astuces de saison pour am\u00e9liorer votre int\u00e9rieur !\" \/>\n<meta name=\"robots\" content=\"index, follow, max-snippet:-1, max-image-preview:large, max-video-preview:-1\" \/>\n<link rel=\"canonical\" href=\"https:\/\/www.qualitel.org\/particuliers\/newsletter\/\" \/>\n<meta property=\"og:locale\" content=\"fr_FR\" \/>\n<meta property=\"og:type\" content=\"article\" \/>\n<meta property=\"og:title\" content=\"Nos conseils de saison pour un logement o\u00f9 il fait bon vivre - Qualitel | Particuliers\" \/>\n<meta property=\"og:description\" content=\"Des conseils de saison pour mieux vivre dans votre logement. R\u00e9duire vos factures d\u2019\u00e9nergie, vous prot\u00e9ger de la pollution de l\u2019air\u2026 Chaque mois, recevez bonnes id\u00e9es et astuces de saison pour am\u00e9liorer votre int\u00e9rieur !\" \/>\n<meta property=\"og:url\" content=\"https:\/\/www.qualitel.org\/particuliers\/newsletter\/\" \/>\n<meta property=\"og:site_name\" content=\"Qualitel | Particuliers\" \/>\n<meta property=\"article:publisher\" content=\"https:\/\/www.facebook.com\/groupequalitel\/\" \/>\n<meta property=\"article:modified_time\" content=\"2026-01-14T15:49:04+00:00\" \/>\n<meta property=\"og:image\" content=\"https:\/\/www.qualitel.org\/particuliers\/wp\/..\/uploads\/qualitel_social_part.jpg\" \/>\n\t<meta property=\"og:image:width\" content=\"1080\" \/>\n\t<meta property=\"og:image:height\" content=\"1080\" \/>\n\t<meta property=\"og:image:type\" content=\"image\/jpeg\" \/>\n<meta name=\"twitter:card\" content=\"summary_large_image\" \/>\n<meta name=\"twitter:site\" content=\"@groupeQUALITEL\" \/>\n<meta name=\"twitter:label1\" content=\"Est. reading time\" \/>\n\t<meta name=\"twitter:data1\" content=\"3 minutes\" \/>\n<script type=\"application\/ld+json\" class=\"yoast-schema-graph\">{\"@context\":\"https:\/\/schema.org\",\"@graph\":[{\"@type\":\"WebPage\",\"@id\":\"https:\/\/www.qualitel.org\/particuliers\/newsletter\/\",\"url\":\"https:\/\/www.qualitel.org\/particuliers\/newsletter\/\",\"name\":\"Nos conseils de saison pour un logement o\u00f9 il fait bon vivre - Qualitel | Particuliers\",\"isPartOf\":{\"@id\":\"https:\/\/www.qualitel.org\/particuliers\/#website\"},\"datePublished\":\"2023-03-30T08:01:50+00:00\",\"dateModified\":\"2026-01-14T15:49:04+00:00\",\"description\":\"Des conseils de saison pour mieux vivre dans votre logement. R\u00e9duire vos factures d\u2019\u00e9nergie, vous prot\u00e9ger de la pollution de l\u2019air\u2026 Chaque mois, recevez bonnes id\u00e9es et astuces de saison pour am\u00e9liorer votre int\u00e9rieur !\",\"breadcrumb\":{\"@id\":\"https:\/\/www.qualitel.org\/particuliers\/newsletter\/#breadcrumb\"},\"inLanguage\":\"fr-FR\",\"potentialAction\":[{\"@type\":\"ReadAction\",\"target\":[\"https:\/\/www.qualitel.org\/particuliers\/newsletter\/\"]}]},{\"@type\":\"BreadcrumbList\",\"@id\":\"https:\/\/www.qualitel.org\/particuliers\/newsletter\/#breadcrumb\",\"itemListElement\":[{\"@type\":\"ListItem\",\"position\":1,\"name\":\"Accueil\",\"item\":\"https:\/\/www.qualitel.org\/particuliers\/\"},{\"@type\":\"ListItem\",\"position\":2,\"name\":\"Newsletter\"}]},{\"@type\":\"WebSite\",\"@id\":\"https:\/\/www.qualitel.org\/particuliers\/#website\",\"url\":\"https:\/\/www.qualitel.org\/particuliers\/\",\"name\":\"Qualitel | Particuliers\",\"description\":\"\",\"publisher\":{\"@id\":\"https:\/\/www.qualitel.org\/particuliers\/#organization\"},\"potentialAction\":[{\"@type\":\"SearchAction\",\"target\":{\"@type\":\"EntryPoint\",\"urlTemplate\":\"https:\/\/www.qualitel.org\/particuliers\/?s={search_term_string}\"},\"query-input\":{\"@type\":\"PropertyValueSpecification\",\"valueRequired\":true,\"valueName\":\"search_term_string\"}}],\"inLanguage\":\"fr-FR\"},{\"@type\":\"Organization\",\"@id\":\"https:\/\/www.qualitel.org\/particuliers\/#organization\",\"name\":\"Qualitel | Particuliers\",\"url\":\"https:\/\/www.qualitel.org\/particuliers\/\",\"logo\":{\"@type\":\"ImageObject\",\"inLanguage\":\"fr-FR\",\"@id\":\"https:\/\/www.qualitel.org\/particuliers\/#\/schema\/logo\/image\/\",\"url\":\"https:\/\/www.qualitel.org\/particuliers\/wp\/..\/uploads\/qualitel-squarelogo-1456752654225.png\",\"contentUrl\":\"https:\/\/www.qualitel.org\/particuliers\/wp\/..\/uploads\/qualitel-squarelogo-1456752654225.png\",\"width\":180,\"height\":180,\"caption\":\"Qualitel | Particuliers\"},\"image\":{\"@id\":\"https:\/\/www.qualitel.org\/particuliers\/#\/schema\/logo\/image\/\"},\"sameAs\":[\"https:\/\/www.facebook.com\/groupequalitel\/\",\"https:\/\/x.com\/groupeQUALITEL\",\"https:\/\/www.instagram.com\/associationqualitel\/\",\"https:\/\/www.pinterest.fr\/associationqualitel\/\"]}]}<\/script>\n<!-- \/ Yoast SEO plugin. -->","yoast_head_json":{"title":"Nos conseils de saison pour un logement o\u00f9 il fait bon vivre - Qualitel | Particuliers","description":"Des conseils de saison pour mieux vivre dans votre logement. R\u00e9duire vos factures d\u2019\u00e9nergie, vous prot\u00e9ger de la pollution de l\u2019air\u2026 Chaque mois, recevez bonnes id\u00e9es et astuces de saison pour am\u00e9liorer votre int\u00e9rieur !","robots":{"index":"index","follow":"follow","max-snippet":"max-snippet:-1","max-image-preview":"max-image-preview:large","max-video-preview":"max-video-preview:-1"},"canonical":"https:\/\/www.qualitel.org\/particuliers\/newsletter\/","og_locale":"fr_FR","og_type":"article","og_title":"Nos conseils de saison pour un logement o\u00f9 il fait bon vivre - Qualitel | Particuliers","og_description":"Des conseils de saison pour mieux vivre dans votre logement. R\u00e9duire vos factures d\u2019\u00e9nergie, vous prot\u00e9ger de la pollution de l\u2019air\u2026 Chaque mois, recevez bonnes id\u00e9es et astuces de saison pour am\u00e9liorer votre int\u00e9rieur !","og_url":"https:\/\/www.qualitel.org\/particuliers\/newsletter\/","og_site_name":"Qualitel | Particuliers","article_publisher":"https:\/\/www.facebook.com\/groupequalitel\/","article_modified_time":"2026-01-14T15:49:04+00:00","og_image":[{"width":1080,"height":1080,"url":"https:\/\/www.qualitel.org\/particuliers\/wp\/..\/uploads\/qualitel_social_part.jpg","type":"image\/jpeg"}],"twitter_card":"summary_large_image","twitter_site":"@groupeQUALITEL","twitter_misc":{"Est. reading time":"3 minutes"},"schema":{"@context":"https:\/\/schema.org","@graph":[{"@type":"WebPage","@id":"https:\/\/www.qualitel.org\/particuliers\/newsletter\/","url":"https:\/\/www.qualitel.org\/particuliers\/newsletter\/","name":"Nos conseils de saison pour un logement o\u00f9 il fait bon vivre - Qualitel | Particuliers","isPartOf":{"@id":"https:\/\/www.qualitel.org\/particuliers\/#website"},"datePublished":"2023-03-30T08:01:50+00:00","dateModified":"2026-01-14T15:49:04+00:00","description":"Des conseils de saison pour mieux vivre dans votre logement. R\u00e9duire vos factures d\u2019\u00e9nergie, vous prot\u00e9ger de la pollution de l\u2019air\u2026 Chaque mois, recevez bonnes id\u00e9es et astuces de saison pour am\u00e9liorer votre int\u00e9rieur !","breadcrumb":{"@id":"https:\/\/www.qualitel.org\/particuliers\/newsletter\/#breadcrumb"},"inLanguage":"fr-FR","potentialAction":[{"@type":"ReadAction","target":["https:\/\/www.qualitel.org\/particuliers\/newsletter\/"]}]},{"@type":"BreadcrumbList","@id":"https:\/\/www.qualitel.org\/particuliers\/newsletter\/#breadcrumb","itemListElement":[{"@type":"ListItem","position":1,"name":"Accueil","item":"https:\/\/www.qualitel.org\/particuliers\/"},{"@type":"ListItem","position":2,"name":"Newsletter"}]},{"@type":"WebSite","@id":"https:\/\/www.qualitel.org\/particuliers\/#website","url":"https:\/\/www.qualitel.org\/particuliers\/","name":"Qualitel | Particuliers","description":"","publisher":{"@id":"https:\/\/www.qualitel.org\/particuliers\/#organization"},"potentialAction":[{"@type":"SearchAction","target":{"@type":"EntryPoint","urlTemplate":"https:\/\/www.qualitel.org\/particuliers\/?s={search_term_string}"},"query-input":{"@type":"PropertyValueSpecification","valueRequired":true,"valueName":"search_term_string"}}],"inLanguage":"fr-FR"},{"@type":"Organization","@id":"https:\/\/www.qualitel.org\/particuliers\/#organization","name":"Qualitel | Particuliers","url":"https:\/\/www.qualitel.org\/particuliers\/","logo":{"@type":"ImageObject","inLanguage":"fr-FR","@id":"https:\/\/www.qualitel.org\/particuliers\/#\/schema\/logo\/image\/","url":"https:\/\/www.qualitel.org\/particuliers\/wp\/..\/uploads\/qualitel-squarelogo-1456752654225.png","contentUrl":"https:\/\/www.qualitel.org\/particuliers\/wp\/..\/uploads\/qualitel-squarelogo-1456752654225.png","width":180,"height":180,"caption":"Qualitel | Particuliers"},"image":{"@id":"https:\/\/www.qualitel.org\/particuliers\/#\/schema\/logo\/image\/"},"sameAs":["https:\/\/www.facebook.com\/groupequalitel\/","https:\/\/x.com\/groupeQUALITEL","https:\/\/www.instagram.com\/associationqualitel\/","https:\/\/www.pinterest.fr\/associationqualitel\/"]}]}},"_links":{"self":[{"href":"https:\/\/www.qualitel.org\/particuliers\/wp-json\/wp\/v2\/pages\/22509","targetHints":{"allow":["GET"]}}],"collection":[{"href":"https:\/\/www.qualitel.org\/particuliers\/wp-json\/wp\/v2\/pages"}],"about":[{"href":"https:\/\/www.qualitel.org\/particuliers\/wp-json\/wp\/v2\/types\/page"}],"author":[{"embeddable":true,"href":"https:\/\/www.qualitel.org\/particuliers\/wp-json\/wp\/v2\/users\/4"}],"replies":[{"embeddable":true,"href":"https:\/\/www.qualitel.org\/particuliers\/wp-json\/wp\/v2\/comments?post=22509"}],"version-history":[{"count":188,"href":"https:\/\/www.qualitel.org\/particuliers\/wp-json\/wp\/v2\/pages\/22509\/revisions"}],"predecessor-version":[{"id":52187,"href":"https:\/\/www.qualitel.org\/particuliers\/wp-json\/wp\/v2\/pages\/22509\/revisions\/52187"}],"wp:attachment":[{"href":"https:\/\/www.qualitel.org\/particuliers\/wp-json\/wp\/v2\/media?parent=22509"}],"wp:term":[{"taxonomy":"tags","embeddable":true,"href":"https:\/\/www.qualitel.org\/particuliers\/wp-json\/wp\/v2\/tags?post=22509"}],"curies":[{"name":"wp","href":"https:\/\/api.w.org\/{rel}","templated":true}]}}