{"id":25733,"date":"2020-08-06T10:00:09","date_gmt":"2020-08-06T08:00:09","guid":{"rendered":"https:\/\/www.qualitel.org\/particuliers\/?page_id=25733"},"modified":"2026-04-10T16:01:57","modified_gmt":"2026-04-10T14:01:57","slug":"que-faut-il-savoir-sur-lisolation-phonique-du-plafond","status":"publish","type":"page","link":"https:\/\/www.qualitel.org\/particuliers\/isolation\/isolation-phonique\/isolation-phonique-plafond1\/","title":{"rendered":"Que faut-il savoir sur l\u2019isolation phonique du plafond&nbsp;?"},"content":{"rendered":"","protected":false},"excerpt":{"rendered":"","protected":false},"author":57,"featured_media":0,"parent":0,"menu_order":0,"comment_status":"closed","ping_status":"closed","template":"","meta":{"_acf_changed":false,"wp_typography_post_enhancements_disabled":false,"footnotes":""},"tags":[491,424],"class_list":["post-25733","page","type-page","status-publish","hentry","tags-acoustique","tags-isolation"],"acf":[],"yoast_head":"<!-- This site is optimized with the Yoast SEO plugin v26.2 - https:\/\/yoast.com\/wordpress\/plugins\/seo\/ -->\n<title>Isolation phonique du plafond - Qualitel | Particuliers<\/title>\n<meta name=\"description\" content=\"Vous subissez des nuisances sonores issues des \u00e9tages sup\u00e9rieurs ? Pensez \u00e0 l&#039;isolation phonique du plafond. Attention, sans parement, vous obtiendrez l\u2019effet inverse !\" \/>\n<meta name=\"robots\" content=\"index, follow, max-snippet:-1, max-image-preview:large, max-video-preview:-1\" \/>\n<link rel=\"canonical\" href=\"https:\/\/www.qualitel.org\/particuliers\/isolation\/isolation-phonique\/isolation-phonique-plafond1\/\" \/>\n<meta property=\"og:locale\" content=\"fr_FR\" \/>\n<meta property=\"og:type\" content=\"article\" \/>\n<meta property=\"og:title\" content=\"Isolation phonique du plafond - Qualitel | Particuliers\" \/>\n<meta property=\"og:description\" content=\"Vous subissez des nuisances sonores issues des \u00e9tages sup\u00e9rieurs ? Pensez \u00e0 l&#039;isolation phonique du plafond. Attention, sans parement, vous obtiendrez l\u2019effet inverse !\" \/>\n<meta property=\"og:url\" content=\"https:\/\/www.qualitel.org\/particuliers\/isolation\/isolation-phonique\/isolation-phonique-plafond1\/\" \/>\n<meta property=\"og:site_name\" content=\"Qualitel | Particuliers\" \/>\n<meta property=\"article:publisher\" content=\"https:\/\/www.facebook.com\/groupequalitel\/\" \/>\n<meta property=\"article:modified_time\" content=\"2026-04-10T14:01:57+00:00\" \/>\n<meta property=\"og:image\" content=\"https:\/\/www.qualitel.org\/particuliers\/wp\/..\/uploads\/qualitel_social_part.jpg\" \/>\n\t<meta property=\"og:image:width\" content=\"1080\" \/>\n\t<meta property=\"og:image:height\" content=\"1080\" \/>\n\t<meta property=\"og:image:type\" content=\"image\/jpeg\" \/>\n<meta name=\"twitter:card\" content=\"summary_large_image\" \/>\n<meta name=\"twitter:site\" content=\"@groupeQUALITEL\" \/>\n<meta name=\"twitter:label1\" content=\"Est. reading time\" \/>\n\t<meta name=\"twitter:data1\" content=\"11 minutes\" \/>\n<script type=\"application\/ld+json\" class=\"yoast-schema-graph\">{\"@context\":\"https:\/\/schema.org\",\"@graph\":[{\"@type\":\"WebPage\",\"@id\":\"https:\/\/www.qualitel.org\/particuliers\/isolation\/isolation-phonique\/isolation-phonique-plafond1\/\",\"url\":\"https:\/\/www.qualitel.org\/particuliers\/isolation\/isolation-phonique\/isolation-phonique-plafond1\/\",\"name\":\"Isolation phonique du plafond - Qualitel | Particuliers\",\"isPartOf\":{\"@id\":\"https:\/\/www.qualitel.org\/particuliers\/#website\"},\"datePublished\":\"2020-08-06T08:00:09+00:00\",\"dateModified\":\"2026-04-10T14:01:57+00:00\",\"description\":\"Vous subissez des nuisances sonores issues des \u00e9tages sup\u00e9rieurs ? Pensez \u00e0 l'isolation phonique du plafond. Attention, sans parement, vous obtiendrez l\u2019effet inverse !\",\"breadcrumb\":{\"@id\":\"https:\/\/www.qualitel.org\/particuliers\/isolation\/isolation-phonique\/isolation-phonique-plafond1\/#breadcrumb\"},\"inLanguage\":\"fr-FR\",\"potentialAction\":[{\"@type\":\"ReadAction\",\"target\":[\"https:\/\/www.qualitel.org\/particuliers\/isolation\/isolation-phonique\/isolation-phonique-plafond1\/\"]}]},{\"@type\":\"BreadcrumbList\",\"@id\":\"https:\/\/www.qualitel.org\/particuliers\/isolation\/isolation-phonique\/isolation-phonique-plafond1\/#breadcrumb\",\"itemListElement\":[{\"@type\":\"ListItem\",\"position\":1,\"name\":\"Accueil\",\"item\":\"https:\/\/www.qualitel.org\/particuliers\/\"},{\"@type\":\"ListItem\",\"position\":2,\"name\":\"Que faut-il savoir sur l\u2019isolation phonique du plafond ?\"}]},{\"@type\":\"WebSite\",\"@id\":\"https:\/\/www.qualitel.org\/particuliers\/#website\",\"url\":\"https:\/\/www.qualitel.org\/particuliers\/\",\"name\":\"Qualitel | Particuliers\",\"description\":\"\",\"publisher\":{\"@id\":\"https:\/\/www.qualitel.org\/particuliers\/#organization\"},\"potentialAction\":[{\"@type\":\"SearchAction\",\"target\":{\"@type\":\"EntryPoint\",\"urlTemplate\":\"https:\/\/www.qualitel.org\/particuliers\/?s={search_term_string}\"},\"query-input\":{\"@type\":\"PropertyValueSpecification\",\"valueRequired\":true,\"valueName\":\"search_term_string\"}}],\"inLanguage\":\"fr-FR\"},{\"@type\":\"Organization\",\"@id\":\"https:\/\/www.qualitel.org\/particuliers\/#organization\",\"name\":\"Qualitel | Particuliers\",\"url\":\"https:\/\/www.qualitel.org\/particuliers\/\",\"logo\":{\"@type\":\"ImageObject\",\"inLanguage\":\"fr-FR\",\"@id\":\"https:\/\/www.qualitel.org\/particuliers\/#\/schema\/logo\/image\/\",\"url\":\"https:\/\/www.qualitel.org\/particuliers\/wp\/..\/uploads\/qualitel-squarelogo-1456752654225.png\",\"contentUrl\":\"https:\/\/www.qualitel.org\/particuliers\/wp\/..\/uploads\/qualitel-squarelogo-1456752654225.png\",\"width\":180,\"height\":180,\"caption\":\"Qualitel | Particuliers\"},\"image\":{\"@id\":\"https:\/\/www.qualitel.org\/particuliers\/#\/schema\/logo\/image\/\"},\"sameAs\":[\"https:\/\/www.facebook.com\/groupequalitel\/\",\"https:\/\/x.com\/groupeQUALITEL\",\"https:\/\/www.instagram.com\/associationqualitel\/\",\"https:\/\/www.pinterest.fr\/associationqualitel\/\"]}]}<\/script>\n<!-- \/ Yoast SEO plugin. -->","yoast_head_json":{"title":"Isolation phonique du plafond - Qualitel | Particuliers","description":"Vous subissez des nuisances sonores issues des \u00e9tages sup\u00e9rieurs ? Pensez \u00e0 l'isolation phonique du plafond. Attention, sans parement, vous obtiendrez l\u2019effet inverse !","robots":{"index":"index","follow":"follow","max-snippet":"max-snippet:-1","max-image-preview":"max-image-preview:large","max-video-preview":"max-video-preview:-1"},"canonical":"https:\/\/www.qualitel.org\/particuliers\/isolation\/isolation-phonique\/isolation-phonique-plafond1\/","og_locale":"fr_FR","og_type":"article","og_title":"Isolation phonique du plafond - Qualitel | Particuliers","og_description":"Vous subissez des nuisances sonores issues des \u00e9tages sup\u00e9rieurs ? Pensez \u00e0 l'isolation phonique du plafond. Attention, sans parement, vous obtiendrez l\u2019effet inverse !","og_url":"https:\/\/www.qualitel.org\/particuliers\/isolation\/isolation-phonique\/isolation-phonique-plafond1\/","og_site_name":"Qualitel | Particuliers","article_publisher":"https:\/\/www.facebook.com\/groupequalitel\/","article_modified_time":"2026-04-10T14:01:57+00:00","og_image":[{"width":1080,"height":1080,"url":"https:\/\/www.qualitel.org\/particuliers\/wp\/..\/uploads\/qualitel_social_part.jpg","type":"image\/jpeg"}],"twitter_card":"summary_large_image","twitter_site":"@groupeQUALITEL","twitter_misc":{"Est. reading time":"11 minutes"},"schema":{"@context":"https:\/\/schema.org","@graph":[{"@type":"WebPage","@id":"https:\/\/www.qualitel.org\/particuliers\/isolation\/isolation-phonique\/isolation-phonique-plafond1\/","url":"https:\/\/www.qualitel.org\/particuliers\/isolation\/isolation-phonique\/isolation-phonique-plafond1\/","name":"Isolation phonique du plafond - Qualitel | Particuliers","isPartOf":{"@id":"https:\/\/www.qualitel.org\/particuliers\/#website"},"datePublished":"2020-08-06T08:00:09+00:00","dateModified":"2026-04-10T14:01:57+00:00","description":"Vous subissez des nuisances sonores issues des \u00e9tages sup\u00e9rieurs ? Pensez \u00e0 l'isolation phonique du plafond. Attention, sans parement, vous obtiendrez l\u2019effet inverse !","breadcrumb":{"@id":"https:\/\/www.qualitel.org\/particuliers\/isolation\/isolation-phonique\/isolation-phonique-plafond1\/#breadcrumb"},"inLanguage":"fr-FR","potentialAction":[{"@type":"ReadAction","target":["https:\/\/www.qualitel.org\/particuliers\/isolation\/isolation-phonique\/isolation-phonique-plafond1\/"]}]},{"@type":"BreadcrumbList","@id":"https:\/\/www.qualitel.org\/particuliers\/isolation\/isolation-phonique\/isolation-phonique-plafond1\/#breadcrumb","itemListElement":[{"@type":"ListItem","position":1,"name":"Accueil","item":"https:\/\/www.qualitel.org\/particuliers\/"},{"@type":"ListItem","position":2,"name":"Que faut-il savoir sur l\u2019isolation phonique du plafond ?"}]},{"@type":"WebSite","@id":"https:\/\/www.qualitel.org\/particuliers\/#website","url":"https:\/\/www.qualitel.org\/particuliers\/","name":"Qualitel | Particuliers","description":"","publisher":{"@id":"https:\/\/www.qualitel.org\/particuliers\/#organization"},"potentialAction":[{"@type":"SearchAction","target":{"@type":"EntryPoint","urlTemplate":"https:\/\/www.qualitel.org\/particuliers\/?s={search_term_string}"},"query-input":{"@type":"PropertyValueSpecification","valueRequired":true,"valueName":"search_term_string"}}],"inLanguage":"fr-FR"},{"@type":"Organization","@id":"https:\/\/www.qualitel.org\/particuliers\/#organization","name":"Qualitel | Particuliers","url":"https:\/\/www.qualitel.org\/particuliers\/","logo":{"@type":"ImageObject","inLanguage":"fr-FR","@id":"https:\/\/www.qualitel.org\/particuliers\/#\/schema\/logo\/image\/","url":"https:\/\/www.qualitel.org\/particuliers\/wp\/..\/uploads\/qualitel-squarelogo-1456752654225.png","contentUrl":"https:\/\/www.qualitel.org\/particuliers\/wp\/..\/uploads\/qualitel-squarelogo-1456752654225.png","width":180,"height":180,"caption":"Qualitel | Particuliers"},"image":{"@id":"https:\/\/www.qualitel.org\/particuliers\/#\/schema\/logo\/image\/"},"sameAs":["https:\/\/www.facebook.com\/groupequalitel\/","https:\/\/x.com\/groupeQUALITEL","https:\/\/www.instagram.com\/associationqualitel\/","https:\/\/www.pinterest.fr\/associationqualitel\/"]}]}},"_links":{"self":[{"href":"https:\/\/www.qualitel.org\/particuliers\/wp-json\/wp\/v2\/pages\/25733","targetHints":{"allow":["GET"]}}],"collection":[{"href":"https:\/\/www.qualitel.org\/particuliers\/wp-json\/wp\/v2\/pages"}],"about":[{"href":"https:\/\/www.qualitel.org\/particuliers\/wp-json\/wp\/v2\/types\/page"}],"author":[{"embeddable":true,"href":"https:\/\/www.qualitel.org\/particuliers\/wp-json\/wp\/v2\/users\/57"}],"replies":[{"embeddable":true,"href":"https:\/\/www.qualitel.org\/particuliers\/wp-json\/wp\/v2\/comments?post=25733"}],"version-history":[{"count":43,"href":"https:\/\/www.qualitel.org\/particuliers\/wp-json\/wp\/v2\/pages\/25733\/revisions"}],"predecessor-version":[{"id":53250,"href":"https:\/\/www.qualitel.org\/particuliers\/wp-json\/wp\/v2\/pages\/25733\/revisions\/53250"}],"wp:attachment":[{"href":"https:\/\/www.qualitel.org\/particuliers\/wp-json\/wp\/v2\/media?parent=25733"}],"wp:term":[{"taxonomy":"tags","embeddable":true,"href":"https:\/\/www.qualitel.org\/particuliers\/wp-json\/wp\/v2\/tags?post=25733"}],"curies":[{"name":"wp","href":"https:\/\/api.w.org\/{rel}","templated":true}]}}