{"id":43586,"date":"2024-02-15T14:33:11","date_gmt":"2024-02-15T13:33:11","guid":{"rendered":"https:\/\/www.qualitel.org\/particuliers\/?page_id=43586"},"modified":"2024-08-07T17:11:26","modified_gmt":"2024-08-07T15:11:26","slug":"qui-sommes-nous","status":"publish","type":"page","link":"https:\/\/www.qualitel.org\/particuliers\/qui-sommes-nous\/","title":{"rendered":"Qui sommes-nous&nbsp;?"},"content":{"rendered":"","protected":false},"excerpt":{"rendered":"","protected":false},"author":24,"featured_media":0,"parent":0,"menu_order":0,"comment_status":"closed","ping_status":"closed","template":"","meta":{"_acf_changed":false,"wp_typography_post_enhancements_disabled":false,"footnotes":""},"tags":[],"class_list":["post-43586","page","type-page","status-publish","hentry"],"acf":[],"yoast_head":"<!-- This site is optimized with the Yoast SEO plugin v26.2 - https:\/\/yoast.com\/wordpress\/plugins\/seo\/ -->\n<title>Qui sommes-nous ? - Qualitel | Particuliers<\/title>\n<meta name=\"description\" content=\"QUALITEL est une association ind\u00e9pendante \u00e0 but non lucratif, cr\u00e9\u00e9e en 1974 par le minist\u00e8re du Logement. Depuis un demi-si\u00e8cle, l\u2019Association QUALITEL \u0153uvre pour am\u00e9liorer la qualit\u00e9 de l\u2019habitat en France et faire de chacun un acteur \u00e9clair\u00e9 de la qualit\u00e9 du logement. Pour mener \u00e0 bien cette mission, notre engagement repose sur 5 leviers.\" \/>\n<meta name=\"robots\" content=\"index, follow, max-snippet:-1, max-image-preview:large, max-video-preview:-1\" \/>\n<link rel=\"canonical\" href=\"https:\/\/www.qualitel.org\/particuliers\/qui-sommes-nous\/\" \/>\n<meta property=\"og:locale\" content=\"fr_FR\" \/>\n<meta property=\"og:type\" content=\"article\" \/>\n<meta property=\"og:title\" content=\"Qui sommes-nous ? - Qualitel | Particuliers\" \/>\n<meta property=\"og:description\" content=\"QUALITEL est une association ind\u00e9pendante \u00e0 but non lucratif, cr\u00e9\u00e9e en 1974 par le minist\u00e8re du Logement. Depuis un demi-si\u00e8cle, l\u2019Association QUALITEL \u0153uvre pour am\u00e9liorer la qualit\u00e9 de l\u2019habitat en France et faire de chacun un acteur \u00e9clair\u00e9 de la qualit\u00e9 du logement. Pour mener \u00e0 bien cette mission, notre engagement repose sur 5 leviers.\" \/>\n<meta property=\"og:url\" content=\"https:\/\/www.qualitel.org\/particuliers\/qui-sommes-nous\/\" \/>\n<meta property=\"og:site_name\" content=\"Qualitel | Particuliers\" \/>\n<meta property=\"article:publisher\" content=\"https:\/\/www.facebook.com\/groupequalitel\/\" \/>\n<meta property=\"article:modified_time\" content=\"2024-08-07T15:11:26+00:00\" \/>\n<meta property=\"og:image\" content=\"https:\/\/www.qualitel.org\/particuliers\/wp\/..\/uploads\/qualitel_social_part.jpg\" \/>\n\t<meta property=\"og:image:width\" content=\"1080\" \/>\n\t<meta property=\"og:image:height\" content=\"1080\" \/>\n\t<meta property=\"og:image:type\" content=\"image\/jpeg\" \/>\n<meta name=\"twitter:card\" content=\"summary_large_image\" \/>\n<meta name=\"twitter:site\" content=\"@groupeQUALITEL\" \/>\n<script type=\"application\/ld+json\" class=\"yoast-schema-graph\">{\"@context\":\"https:\/\/schema.org\",\"@graph\":[{\"@type\":\"WebPage\",\"@id\":\"https:\/\/www.qualitel.org\/particuliers\/qui-sommes-nous\/\",\"url\":\"https:\/\/www.qualitel.org\/particuliers\/qui-sommes-nous\/\",\"name\":\"Qui sommes-nous ? - Qualitel | Particuliers\",\"isPartOf\":{\"@id\":\"https:\/\/www.qualitel.org\/particuliers\/#website\"},\"datePublished\":\"2024-02-15T13:33:11+00:00\",\"dateModified\":\"2024-08-07T15:11:26+00:00\",\"description\":\"QUALITEL est une association ind\u00e9pendante \u00e0 but non lucratif, cr\u00e9\u00e9e en 1974 par le minist\u00e8re du Logement. Depuis un demi-si\u00e8cle, l\u2019Association QUALITEL \u0153uvre pour am\u00e9liorer la qualit\u00e9 de l\u2019habitat en France et faire de chacun un acteur \u00e9clair\u00e9 de la qualit\u00e9 du logement. Pour mener \u00e0 bien cette mission, notre engagement repose sur 5 leviers.\",\"breadcrumb\":{\"@id\":\"https:\/\/www.qualitel.org\/particuliers\/qui-sommes-nous\/#breadcrumb\"},\"inLanguage\":\"fr-FR\",\"potentialAction\":[{\"@type\":\"ReadAction\",\"target\":[\"https:\/\/www.qualitel.org\/particuliers\/qui-sommes-nous\/\"]}]},{\"@type\":\"BreadcrumbList\",\"@id\":\"https:\/\/www.qualitel.org\/particuliers\/qui-sommes-nous\/#breadcrumb\",\"itemListElement\":[{\"@type\":\"ListItem\",\"position\":1,\"name\":\"Accueil\",\"item\":\"https:\/\/www.qualitel.org\/particuliers\/\"},{\"@type\":\"ListItem\",\"position\":2,\"name\":\"Qui sommes-nous ?\"}]},{\"@type\":\"WebSite\",\"@id\":\"https:\/\/www.qualitel.org\/particuliers\/#website\",\"url\":\"https:\/\/www.qualitel.org\/particuliers\/\",\"name\":\"Qualitel | Particuliers\",\"description\":\"\",\"publisher\":{\"@id\":\"https:\/\/www.qualitel.org\/particuliers\/#organization\"},\"potentialAction\":[{\"@type\":\"SearchAction\",\"target\":{\"@type\":\"EntryPoint\",\"urlTemplate\":\"https:\/\/www.qualitel.org\/particuliers\/?s={search_term_string}\"},\"query-input\":{\"@type\":\"PropertyValueSpecification\",\"valueRequired\":true,\"valueName\":\"search_term_string\"}}],\"inLanguage\":\"fr-FR\"},{\"@type\":\"Organization\",\"@id\":\"https:\/\/www.qualitel.org\/particuliers\/#organization\",\"name\":\"Qualitel | Particuliers\",\"url\":\"https:\/\/www.qualitel.org\/particuliers\/\",\"logo\":{\"@type\":\"ImageObject\",\"inLanguage\":\"fr-FR\",\"@id\":\"https:\/\/www.qualitel.org\/particuliers\/#\/schema\/logo\/image\/\",\"url\":\"https:\/\/www.qualitel.org\/particuliers\/wp\/..\/uploads\/qualitel-squarelogo-1456752654225.png\",\"contentUrl\":\"https:\/\/www.qualitel.org\/particuliers\/wp\/..\/uploads\/qualitel-squarelogo-1456752654225.png\",\"width\":180,\"height\":180,\"caption\":\"Qualitel | Particuliers\"},\"image\":{\"@id\":\"https:\/\/www.qualitel.org\/particuliers\/#\/schema\/logo\/image\/\"},\"sameAs\":[\"https:\/\/www.facebook.com\/groupequalitel\/\",\"https:\/\/x.com\/groupeQUALITEL\",\"https:\/\/www.instagram.com\/associationqualitel\/\",\"https:\/\/www.pinterest.fr\/associationqualitel\/\"]}]}<\/script>\n<!-- \/ Yoast SEO plugin. -->","yoast_head_json":{"title":"Qui sommes-nous ? - Qualitel | Particuliers","description":"QUALITEL est une association ind\u00e9pendante \u00e0 but non lucratif, cr\u00e9\u00e9e en 1974 par le minist\u00e8re du Logement. Depuis un demi-si\u00e8cle, l\u2019Association QUALITEL \u0153uvre pour am\u00e9liorer la qualit\u00e9 de l\u2019habitat en France et faire de chacun un acteur \u00e9clair\u00e9 de la qualit\u00e9 du logement. Pour mener \u00e0 bien cette mission, notre engagement repose sur 5 leviers.","robots":{"index":"index","follow":"follow","max-snippet":"max-snippet:-1","max-image-preview":"max-image-preview:large","max-video-preview":"max-video-preview:-1"},"canonical":"https:\/\/www.qualitel.org\/particuliers\/qui-sommes-nous\/","og_locale":"fr_FR","og_type":"article","og_title":"Qui sommes-nous ? - Qualitel | Particuliers","og_description":"QUALITEL est une association ind\u00e9pendante \u00e0 but non lucratif, cr\u00e9\u00e9e en 1974 par le minist\u00e8re du Logement. Depuis un demi-si\u00e8cle, l\u2019Association QUALITEL \u0153uvre pour am\u00e9liorer la qualit\u00e9 de l\u2019habitat en France et faire de chacun un acteur \u00e9clair\u00e9 de la qualit\u00e9 du logement. Pour mener \u00e0 bien cette mission, notre engagement repose sur 5 leviers.","og_url":"https:\/\/www.qualitel.org\/particuliers\/qui-sommes-nous\/","og_site_name":"Qualitel | Particuliers","article_publisher":"https:\/\/www.facebook.com\/groupequalitel\/","article_modified_time":"2024-08-07T15:11:26+00:00","og_image":[{"width":1080,"height":1080,"url":"https:\/\/www.qualitel.org\/particuliers\/wp\/..\/uploads\/qualitel_social_part.jpg","type":"image\/jpeg"}],"twitter_card":"summary_large_image","twitter_site":"@groupeQUALITEL","schema":{"@context":"https:\/\/schema.org","@graph":[{"@type":"WebPage","@id":"https:\/\/www.qualitel.org\/particuliers\/qui-sommes-nous\/","url":"https:\/\/www.qualitel.org\/particuliers\/qui-sommes-nous\/","name":"Qui sommes-nous ? - Qualitel | Particuliers","isPartOf":{"@id":"https:\/\/www.qualitel.org\/particuliers\/#website"},"datePublished":"2024-02-15T13:33:11+00:00","dateModified":"2024-08-07T15:11:26+00:00","description":"QUALITEL est une association ind\u00e9pendante \u00e0 but non lucratif, cr\u00e9\u00e9e en 1974 par le minist\u00e8re du Logement. Depuis un demi-si\u00e8cle, l\u2019Association QUALITEL \u0153uvre pour am\u00e9liorer la qualit\u00e9 de l\u2019habitat en France et faire de chacun un acteur \u00e9clair\u00e9 de la qualit\u00e9 du logement. Pour mener \u00e0 bien cette mission, notre engagement repose sur 5 leviers.","breadcrumb":{"@id":"https:\/\/www.qualitel.org\/particuliers\/qui-sommes-nous\/#breadcrumb"},"inLanguage":"fr-FR","potentialAction":[{"@type":"ReadAction","target":["https:\/\/www.qualitel.org\/particuliers\/qui-sommes-nous\/"]}]},{"@type":"BreadcrumbList","@id":"https:\/\/www.qualitel.org\/particuliers\/qui-sommes-nous\/#breadcrumb","itemListElement":[{"@type":"ListItem","position":1,"name":"Accueil","item":"https:\/\/www.qualitel.org\/particuliers\/"},{"@type":"ListItem","position":2,"name":"Qui sommes-nous ?"}]},{"@type":"WebSite","@id":"https:\/\/www.qualitel.org\/particuliers\/#website","url":"https:\/\/www.qualitel.org\/particuliers\/","name":"Qualitel | Particuliers","description":"","publisher":{"@id":"https:\/\/www.qualitel.org\/particuliers\/#organization"},"potentialAction":[{"@type":"SearchAction","target":{"@type":"EntryPoint","urlTemplate":"https:\/\/www.qualitel.org\/particuliers\/?s={search_term_string}"},"query-input":{"@type":"PropertyValueSpecification","valueRequired":true,"valueName":"search_term_string"}}],"inLanguage":"fr-FR"},{"@type":"Organization","@id":"https:\/\/www.qualitel.org\/particuliers\/#organization","name":"Qualitel | Particuliers","url":"https:\/\/www.qualitel.org\/particuliers\/","logo":{"@type":"ImageObject","inLanguage":"fr-FR","@id":"https:\/\/www.qualitel.org\/particuliers\/#\/schema\/logo\/image\/","url":"https:\/\/www.qualitel.org\/particuliers\/wp\/..\/uploads\/qualitel-squarelogo-1456752654225.png","contentUrl":"https:\/\/www.qualitel.org\/particuliers\/wp\/..\/uploads\/qualitel-squarelogo-1456752654225.png","width":180,"height":180,"caption":"Qualitel | Particuliers"},"image":{"@id":"https:\/\/www.qualitel.org\/particuliers\/#\/schema\/logo\/image\/"},"sameAs":["https:\/\/www.facebook.com\/groupequalitel\/","https:\/\/x.com\/groupeQUALITEL","https:\/\/www.instagram.com\/associationqualitel\/","https:\/\/www.pinterest.fr\/associationqualitel\/"]}]}},"_links":{"self":[{"href":"https:\/\/www.qualitel.org\/particuliers\/wp-json\/wp\/v2\/pages\/43586","targetHints":{"allow":["GET"]}}],"collection":[{"href":"https:\/\/www.qualitel.org\/particuliers\/wp-json\/wp\/v2\/pages"}],"about":[{"href":"https:\/\/www.qualitel.org\/particuliers\/wp-json\/wp\/v2\/types\/page"}],"author":[{"embeddable":true,"href":"https:\/\/www.qualitel.org\/particuliers\/wp-json\/wp\/v2\/users\/24"}],"replies":[{"embeddable":true,"href":"https:\/\/www.qualitel.org\/particuliers\/wp-json\/wp\/v2\/comments?post=43586"}],"version-history":[{"count":22,"href":"https:\/\/www.qualitel.org\/particuliers\/wp-json\/wp\/v2\/pages\/43586\/revisions"}],"predecessor-version":[{"id":47085,"href":"https:\/\/www.qualitel.org\/particuliers\/wp-json\/wp\/v2\/pages\/43586\/revisions\/47085"}],"wp:attachment":[{"href":"https:\/\/www.qualitel.org\/particuliers\/wp-json\/wp\/v2\/media?parent=43586"}],"wp:term":[{"taxonomy":"tags","embeddable":true,"href":"https:\/\/www.qualitel.org\/particuliers\/wp-json\/wp\/v2\/tags?post=43586"}],"curies":[{"name":"wp","href":"https:\/\/api.w.org\/{rel}","templated":true}]}}