{"id":17497,"date":"2019-04-10T14:33:08","date_gmt":"2019-04-10T12:33:08","guid":{"rendered":"https:\/\/www.qualitel.org\/professionnels\/?page_id=17497"},"modified":"2024-11-06T11:18:23","modified_gmt":"2024-11-06T10:18:23","slug":"ressources-documentations-et-outils","status":"publish","type":"page","link":"https:\/\/www.qualitel.org\/professionnels\/documentation\/","title":{"rendered":"Nos ressources, documentations et outils"},"content":{"rendered":"","protected":false},"excerpt":{"rendered":"","protected":false},"author":4,"featured_media":31431,"parent":0,"menu_order":0,"comment_status":"closed","ping_status":"closed","template":"","meta":{"_acf_changed":false,"footnotes":""},"tags":[],"class_list":["post-17497","page","type-page","status-publish","has-post-thumbnail","hentry"],"acf":[],"yoast_head":"<!-- This site is optimized with the Yoast SEO plugin v26.3 - https:\/\/yoast.com\/wordpress\/plugins\/seo\/ -->\n<title>Nos ressources, documentations et outils - Qualitel | Professionnels<\/title>\n<meta name=\"description\" content=\"QUALITEL vous donne acc\u00e8s \u00e0 l&#039;information de r\u00e9f\u00e9rence sur la r\u00e9glementation, les \u00e9tudes sur les tendances constructives, ses dossiers th\u00e9matiques et ses outils.\" \/>\n<meta name=\"robots\" content=\"index, follow, max-snippet:-1, max-image-preview:large, max-video-preview:-1\" \/>\n<link rel=\"canonical\" href=\"https:\/\/www.qualitel.org\/professionnels\/documentation\/\" \/>\n<meta property=\"og:locale\" content=\"fr_FR\" \/>\n<meta property=\"og:type\" content=\"article\" \/>\n<meta property=\"og:title\" content=\"Nos ressources, documentations et outils - Qualitel | Professionnels\" \/>\n<meta property=\"og:description\" content=\"QUALITEL vous donne acc\u00e8s \u00e0 l&#039;information de r\u00e9f\u00e9rence sur la r\u00e9glementation, les \u00e9tudes sur les tendances constructives, ses dossiers th\u00e9matiques et ses outils.\" \/>\n<meta property=\"og:url\" content=\"https:\/\/www.qualitel.org\/professionnels\/documentation\/\" \/>\n<meta property=\"og:site_name\" content=\"Qualitel | Professionnels\" \/>\n<meta property=\"article:publisher\" content=\"https:\/\/www.facebook.com\/groupequalitel\/\" \/>\n<meta property=\"article:modified_time\" content=\"2024-11-06T10:18:23+00:00\" \/>\n<meta property=\"og:image\" content=\"https:\/\/www.qualitel.org\/professionnels\/wp\/..\/uploads\/10-layers-1-bigger-360x208.png\" \/>\n\t<meta property=\"og:image:width\" content=\"360\" \/>\n\t<meta property=\"og:image:height\" content=\"208\" \/>\n\t<meta property=\"og:image:type\" content=\"image\/png\" \/>\n<meta name=\"twitter:card\" content=\"summary_large_image\" \/>\n<meta name=\"twitter:site\" content=\"@groupeQUALITEL\" \/>\n<meta name=\"twitter:label1\" content=\"Est. reading time\" \/>\n\t<meta name=\"twitter:data1\" content=\"3 minutes\" \/>\n<script type=\"application\/ld+json\" class=\"yoast-schema-graph\">{\"@context\":\"https:\/\/schema.org\",\"@graph\":[{\"@type\":\"WebPage\",\"@id\":\"https:\/\/www.qualitel.org\/professionnels\/documentation\/\",\"url\":\"https:\/\/www.qualitel.org\/professionnels\/documentation\/\",\"name\":\"Nos ressources, documentations et outils - Qualitel | Professionnels\",\"isPartOf\":{\"@id\":\"https:\/\/www.qualitel.org\/professionnels\/#website\"},\"primaryImageOfPage\":{\"@id\":\"https:\/\/www.qualitel.org\/professionnels\/documentation\/#primaryimage\"},\"image\":{\"@id\":\"https:\/\/www.qualitel.org\/professionnels\/documentation\/#primaryimage\"},\"thumbnailUrl\":\"https:\/\/www.qualitel.org\/professionnels\/wp\/..\/uploads\/10-layers-1-bigger-360x208.png\",\"datePublished\":\"2019-04-10T12:33:08+00:00\",\"dateModified\":\"2024-11-06T10:18:23+00:00\",\"description\":\"QUALITEL vous donne acc\u00e8s \u00e0 l'information de r\u00e9f\u00e9rence sur la r\u00e9glementation, les \u00e9tudes sur les tendances constructives, ses dossiers th\u00e9matiques et ses outils.\",\"breadcrumb\":{\"@id\":\"https:\/\/www.qualitel.org\/professionnels\/documentation\/#breadcrumb\"},\"inLanguage\":\"fr-FR\",\"potentialAction\":[{\"@type\":\"ReadAction\",\"target\":[\"https:\/\/www.qualitel.org\/professionnels\/documentation\/\"]}]},{\"@type\":\"ImageObject\",\"inLanguage\":\"fr-FR\",\"@id\":\"https:\/\/www.qualitel.org\/professionnels\/documentation\/#primaryimage\",\"url\":\"https:\/\/www.qualitel.org\/professionnels\/wp\/..\/uploads\/10-layers-1-bigger-360x208.png\",\"contentUrl\":\"https:\/\/www.qualitel.org\/professionnels\/wp\/..\/uploads\/10-layers-1-bigger-360x208.png\",\"width\":360,\"height\":208},{\"@type\":\"BreadcrumbList\",\"@id\":\"https:\/\/www.qualitel.org\/professionnels\/documentation\/#breadcrumb\",\"itemListElement\":[{\"@type\":\"ListItem\",\"position\":1,\"name\":\"Accueil\",\"item\":\"https:\/\/www.qualitel.org\/professionnels\/\"},{\"@type\":\"ListItem\",\"position\":2,\"name\":\"Nos ressources, documentations et outils\"}]},{\"@type\":\"WebSite\",\"@id\":\"https:\/\/www.qualitel.org\/professionnels\/#website\",\"url\":\"https:\/\/www.qualitel.org\/professionnels\/\",\"name\":\"Qualitel | Professionnels\",\"description\":\"\",\"publisher\":{\"@id\":\"https:\/\/www.qualitel.org\/professionnels\/#organization\"},\"potentialAction\":[{\"@type\":\"SearchAction\",\"target\":{\"@type\":\"EntryPoint\",\"urlTemplate\":\"https:\/\/www.qualitel.org\/professionnels\/?s={search_term_string}\"},\"query-input\":{\"@type\":\"PropertyValueSpecification\",\"valueRequired\":true,\"valueName\":\"search_term_string\"}}],\"inLanguage\":\"fr-FR\"},{\"@type\":\"Organization\",\"@id\":\"https:\/\/www.qualitel.org\/professionnels\/#organization\",\"name\":\"Qualitel\",\"url\":\"https:\/\/www.qualitel.org\/professionnels\/\",\"logo\":{\"@type\":\"ImageObject\",\"inLanguage\":\"fr-FR\",\"@id\":\"https:\/\/www.qualitel.org\/professionnels\/#\/schema\/logo\/image\/\",\"url\":\"https:\/\/www.qualitel.org\/professionnels\/wp\/..\/uploads\/qualitel_social.jpg\",\"contentUrl\":\"https:\/\/www.qualitel.org\/professionnels\/wp\/..\/uploads\/qualitel_social.jpg\",\"width\":1080,\"height\":1080,\"caption\":\"Qualitel\"},\"image\":{\"@id\":\"https:\/\/www.qualitel.org\/professionnels\/#\/schema\/logo\/image\/\"},\"sameAs\":[\"https:\/\/www.facebook.com\/groupequalitel\/\",\"https:\/\/x.com\/groupeQUALITEL\",\"https:\/\/www.instagram.com\/associationqualitel\/\"]}]}<\/script>\n<!-- \/ Yoast SEO plugin. -->","yoast_head_json":{"title":"Nos ressources, documentations et outils - Qualitel | Professionnels","description":"QUALITEL vous donne acc\u00e8s \u00e0 l'information de r\u00e9f\u00e9rence sur la r\u00e9glementation, les \u00e9tudes sur les tendances constructives, ses dossiers th\u00e9matiques et ses outils.","robots":{"index":"index","follow":"follow","max-snippet":"max-snippet:-1","max-image-preview":"max-image-preview:large","max-video-preview":"max-video-preview:-1"},"canonical":"https:\/\/www.qualitel.org\/professionnels\/documentation\/","og_locale":"fr_FR","og_type":"article","og_title":"Nos ressources, documentations et outils - Qualitel | Professionnels","og_description":"QUALITEL vous donne acc\u00e8s \u00e0 l'information de r\u00e9f\u00e9rence sur la r\u00e9glementation, les \u00e9tudes sur les tendances constructives, ses dossiers th\u00e9matiques et ses outils.","og_url":"https:\/\/www.qualitel.org\/professionnels\/documentation\/","og_site_name":"Qualitel | Professionnels","article_publisher":"https:\/\/www.facebook.com\/groupequalitel\/","article_modified_time":"2024-11-06T10:18:23+00:00","og_image":[{"width":360,"height":208,"url":"https:\/\/www.qualitel.org\/professionnels\/wp\/..\/uploads\/10-layers-1-bigger-360x208.png","type":"image\/png"}],"twitter_card":"summary_large_image","twitter_site":"@groupeQUALITEL","twitter_misc":{"Est. reading time":"3 minutes"},"schema":{"@context":"https:\/\/schema.org","@graph":[{"@type":"WebPage","@id":"https:\/\/www.qualitel.org\/professionnels\/documentation\/","url":"https:\/\/www.qualitel.org\/professionnels\/documentation\/","name":"Nos ressources, documentations et outils - Qualitel | Professionnels","isPartOf":{"@id":"https:\/\/www.qualitel.org\/professionnels\/#website"},"primaryImageOfPage":{"@id":"https:\/\/www.qualitel.org\/professionnels\/documentation\/#primaryimage"},"image":{"@id":"https:\/\/www.qualitel.org\/professionnels\/documentation\/#primaryimage"},"thumbnailUrl":"https:\/\/www.qualitel.org\/professionnels\/wp\/..\/uploads\/10-layers-1-bigger-360x208.png","datePublished":"2019-04-10T12:33:08+00:00","dateModified":"2024-11-06T10:18:23+00:00","description":"QUALITEL vous donne acc\u00e8s \u00e0 l'information de r\u00e9f\u00e9rence sur la r\u00e9glementation, les \u00e9tudes sur les tendances constructives, ses dossiers th\u00e9matiques et ses outils.","breadcrumb":{"@id":"https:\/\/www.qualitel.org\/professionnels\/documentation\/#breadcrumb"},"inLanguage":"fr-FR","potentialAction":[{"@type":"ReadAction","target":["https:\/\/www.qualitel.org\/professionnels\/documentation\/"]}]},{"@type":"ImageObject","inLanguage":"fr-FR","@id":"https:\/\/www.qualitel.org\/professionnels\/documentation\/#primaryimage","url":"https:\/\/www.qualitel.org\/professionnels\/wp\/..\/uploads\/10-layers-1-bigger-360x208.png","contentUrl":"https:\/\/www.qualitel.org\/professionnels\/wp\/..\/uploads\/10-layers-1-bigger-360x208.png","width":360,"height":208},{"@type":"BreadcrumbList","@id":"https:\/\/www.qualitel.org\/professionnels\/documentation\/#breadcrumb","itemListElement":[{"@type":"ListItem","position":1,"name":"Accueil","item":"https:\/\/www.qualitel.org\/professionnels\/"},{"@type":"ListItem","position":2,"name":"Nos ressources, documentations et outils"}]},{"@type":"WebSite","@id":"https:\/\/www.qualitel.org\/professionnels\/#website","url":"https:\/\/www.qualitel.org\/professionnels\/","name":"Qualitel | Professionnels","description":"","publisher":{"@id":"https:\/\/www.qualitel.org\/professionnels\/#organization"},"potentialAction":[{"@type":"SearchAction","target":{"@type":"EntryPoint","urlTemplate":"https:\/\/www.qualitel.org\/professionnels\/?s={search_term_string}"},"query-input":{"@type":"PropertyValueSpecification","valueRequired":true,"valueName":"search_term_string"}}],"inLanguage":"fr-FR"},{"@type":"Organization","@id":"https:\/\/www.qualitel.org\/professionnels\/#organization","name":"Qualitel","url":"https:\/\/www.qualitel.org\/professionnels\/","logo":{"@type":"ImageObject","inLanguage":"fr-FR","@id":"https:\/\/www.qualitel.org\/professionnels\/#\/schema\/logo\/image\/","url":"https:\/\/www.qualitel.org\/professionnels\/wp\/..\/uploads\/qualitel_social.jpg","contentUrl":"https:\/\/www.qualitel.org\/professionnels\/wp\/..\/uploads\/qualitel_social.jpg","width":1080,"height":1080,"caption":"Qualitel"},"image":{"@id":"https:\/\/www.qualitel.org\/professionnels\/#\/schema\/logo\/image\/"},"sameAs":["https:\/\/www.facebook.com\/groupequalitel\/","https:\/\/x.com\/groupeQUALITEL","https:\/\/www.instagram.com\/associationqualitel\/"]}]}},"_links":{"self":[{"href":"https:\/\/www.qualitel.org\/professionnels\/wp-json\/wp\/v2\/pages\/17497","targetHints":{"allow":["GET"]}}],"collection":[{"href":"https:\/\/www.qualitel.org\/professionnels\/wp-json\/wp\/v2\/pages"}],"about":[{"href":"https:\/\/www.qualitel.org\/professionnels\/wp-json\/wp\/v2\/types\/page"}],"author":[{"embeddable":true,"href":"https:\/\/www.qualitel.org\/professionnels\/wp-json\/wp\/v2\/users\/4"}],"replies":[{"embeddable":true,"href":"https:\/\/www.qualitel.org\/professionnels\/wp-json\/wp\/v2\/comments?post=17497"}],"version-history":[{"count":73,"href":"https:\/\/www.qualitel.org\/professionnels\/wp-json\/wp\/v2\/pages\/17497\/revisions"}],"predecessor-version":[{"id":93305,"href":"https:\/\/www.qualitel.org\/professionnels\/wp-json\/wp\/v2\/pages\/17497\/revisions\/93305"}],"wp:featuredmedia":[{"embeddable":true,"href":"https:\/\/www.qualitel.org\/professionnels\/wp-json\/wp\/v2\/media\/31431"}],"wp:attachment":[{"href":"https:\/\/www.qualitel.org\/professionnels\/wp-json\/wp\/v2\/media?parent=17497"}],"wp:term":[{"taxonomy":"tags","embeddable":true,"href":"https:\/\/www.qualitel.org\/professionnels\/wp-json\/wp\/v2\/tags?post=17497"},{"taxonomy":"etiquettes","embeddable":true,"href":"https:\/\/www.qualitel.org\/professionnels\/wp-json\/wp\/v2\/tags?post=17497"}],"curies":[{"name":"wp","href":"https:\/\/api.w.org\/{rel}","templated":true}]}}